{"id":15,"date":"2018-06-10T20:10:32","date_gmt":"2018-06-10T18:10:32","guid":{"rendered":"http:\/\/lapatapizza.fr\/?page_id=15"},"modified":"2020-12-12T12:55:24","modified_gmt":"2020-12-12T11:55:24","slug":"contact","status":"publish","type":"page","link":"https:\/\/lapatapizza.fr\/index.php\/contact\/","title":{"rendered":"Contact"},"content":{"rendered":"<div class=\"contact-center\">\n<div>\n<div class=\"column-contact\">\n<div>\n<div class=\"trait\"><\/div>\n<div class=\"cercle-icon\"><\/div>\n<p><img loading=\"lazy\" decoding=\"async\" class=\"aligncenter size-full wp-image-268\" src=\"http:\/\/lapatapizza.fr\/wp-content\/uploads\/2018\/06\/Phone.png\" alt=\"Mobile\" width=\"32\" height=\"32\"><h8>Passez votre commande au :<\/h8><\/p>\n<p>03.21.48.71.31<\/p>\n<\/div>\n<div>\n<div class=\"trait\"><\/div>\n<div class=\"cercle-icon\"><\/div>\n<p><img loading=\"lazy\" decoding=\"async\" class=\"aligncenter size-full wp-image-268\" src=\"http:\/\/lapatapizza.fr\/wp-content\/uploads\/2018\/06\/Maison.png\" alt=\"Maison\" width=\"32\" height=\"32\"><h8>Adresse :<\/h8><\/p>\n<p>21 rue du G\u00e9n\u00e9ral Leclerc<br \/>\n62161 Maroeuil Centre<br \/>\nFrance<\/p>\n<\/div>\n<div>\n<div class=\"trait\"><\/div>\n<div class=\"cercle-icon\"><\/div>\n<p><img loading=\"lazy\" decoding=\"async\" class=\"aligncenter size-full wp-image-268\" src=\"http:\/\/lapatapizza.fr\/wp-content\/uploads\/2018\/06\/Horloge.png\" alt=\"Maison\" width=\"32\" height=\"32\"><h8>Heures d&rsquo;appel :<\/h8><\/p>\n<p>du Vendredi au samedi :<br \/>\nde 18h \u00e0 21h30<\/p>\n<p>Pour limiter l&rsquo;attente COMMANDEZ DES 18H<\/p>\n<\/div>\n<\/div>\n<\/div>\n<\/div>\n","protected":false},"excerpt":{"rendered":"<p>Passez votre commande au : 03.21.48.71.31 Adresse : 21 rue du G\u00e9n\u00e9ral Leclerc 62161 Maroeuil Centre France Heures d&rsquo;appel : du Vendredi au samedi : de 18h \u00e0 21h30 Pour limiter l&rsquo;attente COMMANDEZ DES 18H<\/p>\n","protected":false},"author":1,"featured_media":0,"parent":0,"menu_order":0,"comment_status":"closed","ping_status":"closed","template":"","meta":{"footnotes":""},"_links":{"self":[{"href":"https:\/\/lapatapizza.fr\/index.php\/wp-json\/wp\/v2\/pages\/15"}],"collection":[{"href":"https:\/\/lapatapizza.fr\/index.php\/wp-json\/wp\/v2\/pages"}],"about":[{"href":"https:\/\/lapatapizza.fr\/index.php\/wp-json\/wp\/v2\/types\/page"}],"author":[{"embeddable":true,"href":"https:\/\/lapatapizza.fr\/index.php\/wp-json\/wp\/v2\/users\/1"}],"replies":[{"embeddable":true,"href":"https:\/\/lapatapizza.fr\/index.php\/wp-json\/wp\/v2\/comments?post=15"}],"version-history":[{"count":5,"href":"https:\/\/lapatapizza.fr\/index.php\/wp-json\/wp\/v2\/pages\/15\/revisions"}],"predecessor-version":[{"id":590,"href":"https:\/\/lapatapizza.fr\/index.php\/wp-json\/wp\/v2\/pages\/15\/revisions\/590"}],"wp:attachment":[{"href":"https:\/\/lapatapizza.fr\/index.php\/wp-json\/wp\/v2\/media?parent=15"}],"curies":[{"name":"wp","href":"https:\/\/api.w.org\/{rel}","templated":true}]}}